{"id":1073,"date":"2024-01-25T13:17:17","date_gmt":"2024-01-25T12:17:17","guid":{"rendered":"http:\/\/www.gtrindustrie.de\/?page_id=1073"},"modified":"2024-01-30T15:52:43","modified_gmt":"2024-01-30T14:52:43","slug":"hoehenarbeiten-industriekletterer","status":"publish","type":"page","link":"https:\/\/www.gtrindustrie.de\/","title":{"rendered":"H\u00f6henarbeiten: Industriekletterer"},"content":{"rendered":"\n<p class=\"has-white-color has-text-color has-background has-link-color wp-elements-2695405b863e2b66076202453f327722\" style=\"background:linear-gradient(79deg,rgba(232,105,70,0.82) 0%,rgb(232,106,70) 100%)\">Sie suchen L\u00f6sungen f\u00fcr Arbeiten in der H\u00f6he, oder an exponierten Orten? Die GTR Industrie GmbH bietet Ihnen diese L\u00f6sungen.<\/p>\n","protected":false},"excerpt":{"rendered":"<p>Sie suchen L\u00f6sungen f\u00fcr Arbeiten in der H\u00f6he, oder an exponierten Orten? Die GTR Industrie GmbH bietet Ihnen diese L\u00f6sungen.<\/p>\n","protected":false},"author":1,"featured_media":0,"parent":1148,"menu_order":1,"comment_status":"closed","ping_status":"closed","template":"","meta":{"footnotes":""},"class_list":["post-1073","page","type-page","status-publish","hentry"],"_links":{"self":[{"href":"https:\/\/www.gtrindustrie.de\/index.php?rest_route=\/wp\/v2\/pages\/1073","targetHints":{"allow":["GET"]}}],"collection":[{"href":"https:\/\/www.gtrindustrie.de\/index.php?rest_route=\/wp\/v2\/pages"}],"about":[{"href":"https:\/\/www.gtrindustrie.de\/index.php?rest_route=\/wp\/v2\/types\/page"}],"author":[{"embeddable":true,"href":"https:\/\/www.gtrindustrie.de\/index.php?rest_route=\/wp\/v2\/users\/1"}],"replies":[{"embeddable":true,"href":"https:\/\/www.gtrindustrie.de\/index.php?rest_route=%2Fwp%2Fv2%2Fcomments&post=1073"}],"version-history":[{"count":9,"href":"https:\/\/www.gtrindustrie.de\/index.php?rest_route=\/wp\/v2\/pages\/1073\/revisions"}],"predecessor-version":[{"id":1489,"href":"https:\/\/www.gtrindustrie.de\/index.php?rest_route=\/wp\/v2\/pages\/1073\/revisions\/1489"}],"up":[{"embeddable":true,"href":"https:\/\/www.gtrindustrie.de\/index.php?rest_route=\/wp\/v2\/pages\/1148"}],"wp:attachment":[{"href":"https:\/\/www.gtrindustrie.de\/index.php?rest_route=%2Fwp%2Fv2%2Fmedia&parent=1073"}],"curies":[{"name":"wp","href":"https:\/\/api.w.org\/{rel}","templated":true}]}}