{"id":1236,"date":"2014-02-17T14:18:05","date_gmt":"2014-02-17T14:18:05","guid":{"rendered":"http:\/\/demo.themegrill.com\/radiate\/?page_id=42"},"modified":"2024-01-30T11:43:56","modified_gmt":"2024-01-30T10:43:56","slug":"parallax-header","status":"publish","type":"page","link":"https:\/\/www.gtrindustrie.de\/?page_id=1236","title":{"rendered":"Partner f\u00fcr Au\u00dfergew\u00f6hnliches"},"content":{"rendered":"<p>Optimale Vorbereitung, Abstimmungen mit anderen Partnern und Erfahrung f\u00fchren letztendlich zum Erfolg.<\/p>\n<p>Mit der GTR Industrie GmbH haben Sie einen Partner, dessen Mitarbeiter das seit 25 Jahren genau so umsetzen.<\/p>\n","protected":false},"excerpt":{"rendered":"<p>Einzigartig der Anblick, anspruchsvoll der Aufbau. Neben normalen Postermontagen sind es die Herausforderungen durch komplexe, manchmal nur schwer zu realisierende Auftr\u00e4ge, die den besonderen Reiz ausmachen.<\/p>\n","protected":false},"author":1,"featured_media":1315,"parent":0,"menu_order":0,"comment_status":"closed","ping_status":"open","template":"","meta":{"footnotes":""},"class_list":["post-1236","page","type-page","status-publish","has-post-thumbnail","hentry"],"_links":{"self":[{"href":"https:\/\/www.gtrindustrie.de\/index.php?rest_route=\/wp\/v2\/pages\/1236","targetHints":{"allow":["GET"]}}],"collection":[{"href":"https:\/\/www.gtrindustrie.de\/index.php?rest_route=\/wp\/v2\/pages"}],"about":[{"href":"https:\/\/www.gtrindustrie.de\/index.php?rest_route=\/wp\/v2\/types\/page"}],"author":[{"embeddable":true,"href":"https:\/\/www.gtrindustrie.de\/index.php?rest_route=\/wp\/v2\/users\/1"}],"replies":[{"embeddable":true,"href":"https:\/\/www.gtrindustrie.de\/index.php?rest_route=%2Fwp%2Fv2%2Fcomments&post=1236"}],"version-history":[{"count":5,"href":"https:\/\/www.gtrindustrie.de\/index.php?rest_route=\/wp\/v2\/pages\/1236\/revisions"}],"predecessor-version":[{"id":1471,"href":"https:\/\/www.gtrindustrie.de\/index.php?rest_route=\/wp\/v2\/pages\/1236\/revisions\/1471"}],"wp:featuredmedia":[{"embeddable":true,"href":"https:\/\/www.gtrindustrie.de\/index.php?rest_route=\/wp\/v2\/media\/1315"}],"wp:attachment":[{"href":"https:\/\/www.gtrindustrie.de\/index.php?rest_route=%2Fwp%2Fv2%2Fmedia&parent=1236"}],"curies":[{"name":"wp","href":"https:\/\/api.w.org\/{rel}","templated":true}]}}