{"id":1237,"date":"2014-02-17T14:19:04","date_gmt":"2014-02-17T14:19:04","guid":{"rendered":"http:\/\/demo.themegrill.com\/radiate\/?page_id=44"},"modified":"2024-03-01T13:14:33","modified_gmt":"2024-03-01T12:14:33","slug":"simple-clean-design","status":"publish","type":"page","link":"https:\/\/www.gtrindustrie.de\/?page_id=1237","title":{"rendered":"Gute Planung &#8211; perfekte Ausf\u00fchrung"},"content":{"rendered":"<p>Mit Sicherheit &#8230;.<\/p>\n<p>Alle Schritte, von der Planung im Vorfeld, zum Teil als aufwendige Zugangsplanung f\u00fcr Betreiber oder Architekten, der Platzierung sinnvoller, jedoch den Blick nicht beeintr\u00e4chtigender Sekuranten, bis hin zur regelm\u00e4\u00dfigen Nutzung z.B. f\u00fcr Reinigungsarbeiten &#8230;<\/p>\n<p>Eine gute Planung erspart Zeit und somit Kosten.<\/p>\n","protected":false},"excerpt":{"rendered":"<p>Eine gute Vorbereitung spart viel Zeit und Arbeit. Manchmal ist das einfacher gesagt als getan. Daher spielt die Erfahrung eine wesentliche Rolle bei der Beratung von Betreibern und Architekten.<\/p>\n","protected":false},"author":1,"featured_media":1307,"parent":0,"menu_order":0,"comment_status":"closed","ping_status":"open","template":"","meta":{"footnotes":""},"class_list":["post-1237","page","type-page","status-publish","has-post-thumbnail","hentry"],"_links":{"self":[{"href":"https:\/\/www.gtrindustrie.de\/index.php?rest_route=\/wp\/v2\/pages\/1237","targetHints":{"allow":["GET"]}}],"collection":[{"href":"https:\/\/www.gtrindustrie.de\/index.php?rest_route=\/wp\/v2\/pages"}],"about":[{"href":"https:\/\/www.gtrindustrie.de\/index.php?rest_route=\/wp\/v2\/types\/page"}],"author":[{"embeddable":true,"href":"https:\/\/www.gtrindustrie.de\/index.php?rest_route=\/wp\/v2\/users\/1"}],"replies":[{"embeddable":true,"href":"https:\/\/www.gtrindustrie.de\/index.php?rest_route=%2Fwp%2Fv2%2Fcomments&post=1237"}],"version-history":[{"count":4,"href":"https:\/\/www.gtrindustrie.de\/index.php?rest_route=\/wp\/v2\/pages\/1237\/revisions"}],"predecessor-version":[{"id":1606,"href":"https:\/\/www.gtrindustrie.de\/index.php?rest_route=\/wp\/v2\/pages\/1237\/revisions\/1606"}],"wp:featuredmedia":[{"embeddable":true,"href":"https:\/\/www.gtrindustrie.de\/index.php?rest_route=\/wp\/v2\/media\/1307"}],"wp:attachment":[{"href":"https:\/\/www.gtrindustrie.de\/index.php?rest_route=%2Fwp%2Fv2%2Fmedia&parent=1237"}],"curies":[{"name":"wp","href":"https:\/\/api.w.org\/{rel}","templated":true}]}}