{"id":1254,"date":"2014-03-09T11:43:52","date_gmt":"2014-03-09T11:43:52","guid":{"rendered":"http:\/\/demo.themegrill.com\/radiate-pro\/?page_id=189"},"modified":"2024-02-01T14:28:04","modified_gmt":"2024-02-01T13:28:04","slug":"layout","status":"publish","type":"page","link":"https:\/\/www.gtrindustrie.de\/?page_id=1254","title":{"rendered":"\u00dcber uns"},"content":{"rendered":"\n<figure class=\"wp-block-image size-full\"><img loading=\"lazy\" decoding=\"async\" width=\"2048\" height=\"906\" src=\"https:\/\/www.gtrindustrie.de\/wp-content\/uploads\/2024\/02\/1112.jpg\" alt=\"\" class=\"wp-image-1557\" srcset=\"https:\/\/www.gtrindustrie.de\/wp-content\/uploads\/2024\/02\/1112.jpg 2048w, https:\/\/www.gtrindustrie.de\/wp-content\/uploads\/2024\/02\/1112-300x133.jpg 300w, https:\/\/www.gtrindustrie.de\/wp-content\/uploads\/2024\/02\/1112-1024x453.jpg 1024w, https:\/\/www.gtrindustrie.de\/wp-content\/uploads\/2024\/02\/1112-768x340.jpg 768w, https:\/\/www.gtrindustrie.de\/wp-content\/uploads\/2024\/02\/1112-1536x680.jpg 1536w\" sizes=\"auto, (max-width: 2048px) 100vw, 2048px\" \/><\/figure>\n\n\n\n<p><strong>GTR Industrie GmbH<\/strong><\/p>\n\n\n\n<p>Die GTR Industrie GmbH ist ein Unternehmen aus Hoppegarten \/ bei Berlin, welches sich auf seilunterst\u00fctzte H\u00f6henarbeiten spezialisiert hat. Dazu z\u00e4hlen Leistungen aus den Bereichen der Bauhaupt- und Baunebengewerke sowie der Au\u00dfenwerbung, die deutschlandweit und international erbracht werden k\u00f6nnen. In Zeiten, in denen Kostenreduktion und die Einhaltung extrem enger Zeitfenster f\u00fcr die Ausf\u00fchrung von Bauobjekten auf heutigen Gro\u00dfbaustellen die zentralen Rollen spielen, f\u00fcgt sich ein Unternehmen wie die GTR Industrie GmbH in diesen anspruchsvollen Aufgabenbereich hervorragend ein. Bauvorhaben wie die des Potsdamer Platzes oder die Sanierung der Bauten der Frankfurter Allee geben den Mitarbeitern der GTR Industrie GmbH immer wieder die Chance, ihr handwerkliches K\u00f6nnen neben dem perfekten Beherrschen der Seiltechnik unter Beweis zu stellen. Von Anfang an war die Montage von Riesenpostern ein wichtiges Aufgabenfeld. Dem guten Zusammenspiel von Management und Logistik sowie der reibungslosen Ausf\u00fchrung vor Ort ist es zu verdanken, dass die GTR Industrie GmbH Dauerauftr\u00e4ge der gro\u00dfen Marktf\u00fchrer im Au\u00dfenwerbungsgesch\u00e4ft f\u00fcr sich verbuchen kann.<\/p>\n\n\n\n<p><strong>WARUM SOLLTEN SIE SICH F\u00dcR UNS ENTSCHEIDEN?<\/strong><\/p>\n\n\n\n<p>Wir benutzen Seile statt Ger\u00fcste oder Hebeb\u00fchnen, was zur Senkung Ihrer Kosten beitr\u00e4gt&#8230;. arbeiten auch an f\u00fcr andere unzug\u00e4nglichen Einsatzorten&#8230;. reagieren kurzfristig und flexibel, da wir nicht von anderen Gewerken abh\u00e4ngig sind&#8230;. f\u00fchren unsere Arbeiten ohne Einflussnahme auf das sonstige Arbeitsumfeld aus&#8230;. stellen Ihnen unsere Erfahrung und unser Know-how zur Verf\u00fcgung, damit Sie durch uns Ihre Wettbewerbsvorteile weiter ausbauen k\u00f6nnen.<\/p>\n","protected":false},"excerpt":{"rendered":"<p>GTR Industrie GmbH Die GTR Industrie GmbH ist ein Unternehmen aus Hoppegarten \/ bei Berlin, welches sich auf seilunterst\u00fctzte H\u00f6henarbeiten spezialisiert hat. Dazu z\u00e4hlen Leistungen aus den Bereichen der Bauhaupt- und Baunebengewerke sowie der Au\u00dfenwerbung, die deutschlandweit und international erbracht werden k\u00f6nnen. In Zeiten, in denen Kostenreduktion und die Einhaltung extrem enger Zeitfenster f\u00fcr die [&hellip;]<\/p>\n","protected":false},"author":1,"featured_media":0,"parent":0,"menu_order":0,"comment_status":"closed","ping_status":"open","template":"","meta":{"footnotes":""},"class_list":["post-1254","page","type-page","status-publish","hentry"],"_links":{"self":[{"href":"https:\/\/www.gtrindustrie.de\/index.php?rest_route=\/wp\/v2\/pages\/1254","targetHints":{"allow":["GET"]}}],"collection":[{"href":"https:\/\/www.gtrindustrie.de\/index.php?rest_route=\/wp\/v2\/pages"}],"about":[{"href":"https:\/\/www.gtrindustrie.de\/index.php?rest_route=\/wp\/v2\/types\/page"}],"author":[{"embeddable":true,"href":"https:\/\/www.gtrindustrie.de\/index.php?rest_route=\/wp\/v2\/users\/1"}],"replies":[{"embeddable":true,"href":"https:\/\/www.gtrindustrie.de\/index.php?rest_route=%2Fwp%2Fv2%2Fcomments&post=1254"}],"version-history":[{"count":5,"href":"https:\/\/www.gtrindustrie.de\/index.php?rest_route=\/wp\/v2\/pages\/1254\/revisions"}],"predecessor-version":[{"id":1558,"href":"https:\/\/www.gtrindustrie.de\/index.php?rest_route=\/wp\/v2\/pages\/1254\/revisions\/1558"}],"wp:attachment":[{"href":"https:\/\/www.gtrindustrie.de\/index.php?rest_route=%2Fwp%2Fv2%2Fmedia&parent=1254"}],"curies":[{"name":"wp","href":"https:\/\/api.w.org\/{rel}","templated":true}]}}