{"id":1402,"date":"2024-01-26T14:34:01","date_gmt":"2024-01-26T13:34:01","guid":{"rendered":"https:\/\/www.gtrindustrie.de\/?page_id=1402"},"modified":"2024-02-01T14:28:58","modified_gmt":"2024-02-01T13:28:58","slug":"leistungen","status":"publish","type":"page","link":"https:\/\/www.gtrindustrie.de\/?page_id=1402","title":{"rendered":"Leistungen"},"content":{"rendered":"\n<figure class=\"wp-block-image size-full\"><img loading=\"lazy\" decoding=\"async\" width=\"2560\" height=\"1179\" src=\"https:\/\/www.gtrindustrie.de\/wp-content\/uploads\/2024\/02\/23-scaled.jpg\" alt=\"\" class=\"wp-image-1559\" srcset=\"https:\/\/www.gtrindustrie.de\/wp-content\/uploads\/2024\/02\/23-scaled.jpg 2560w, https:\/\/www.gtrindustrie.de\/wp-content\/uploads\/2024\/02\/23-300x138.jpg 300w, https:\/\/www.gtrindustrie.de\/wp-content\/uploads\/2024\/02\/23-1024x472.jpg 1024w, https:\/\/www.gtrindustrie.de\/wp-content\/uploads\/2024\/02\/23-768x354.jpg 768w, https:\/\/www.gtrindustrie.de\/wp-content\/uploads\/2024\/02\/23-1536x707.jpg 1536w, https:\/\/www.gtrindustrie.de\/wp-content\/uploads\/2024\/02\/23-2048x943.jpg 2048w\" sizes=\"auto, (max-width: 2560px) 100vw, 2560px\" \/><\/figure>\n\n\n\n<p>Als Spezialist f\u00fcr H\u00f6henzugang bietet die GTR Industrie GmbH ein umfangreiches Leistungsspektrum rund um Bau, Montage, Wartung, Reparatur und Reinigung an exponierten Arbeitsorten.<\/p>\n\n\n\n<p>Seilunterst\u00fctzte Leistungsausf\u00fchrungen verzichten in den meisten F\u00e4llen auf schwere Zugangstechnik und sind daher in der Regel kosteng\u00fcnstiger und schneller.<\/p>\n\n\n\n<p>Auf Basis Ihrer spezifischen Anforderungen entwickeln wir individuelle Konzepte f\u00fcr H\u00f6henzugang und Leistungsausf\u00fchrung. Mit unserem Team aus erfahrenen H\u00f6henarbeitern, die \u00fcber verschiedenste Qualifikationen und Spezial-Know-how verf\u00fcgen, finden wir f\u00fcr jede Herausforderung die passende L\u00f6sung \u2013 weltweit, schnell und pr\u00e4zise.<\/p>\n\n\n\n<p><\/p>\n\n\n\n<p><\/p>\n\n\n\n<div class=\"wp-block-columns is-layout-flex wp-container-core-columns-is-layout-9d6595d7 wp-block-columns-is-layout-flex\"><\/div>\n\n\n\n<p>      <\/p>\n\n\n\n<div class=\"wp-block-group\"><div class=\"wp-block-group__inner-container is-layout-constrained wp-block-group-is-layout-constrained\">\n<div class=\"wp-block-group\"><div class=\"wp-block-group__inner-container is-layout-constrained wp-block-group-is-layout-constrained\">\n<ul class=\"wp-block-list\">\n<li>Baudienstleistungen im Hoch- und Tiefbau\n<ul class=\"wp-block-list\">\n<li>Maurerarbeiten<\/li>\n\n\n\n<li>Fugensanierung<\/li>\n\n\n\n<li>Schadensdokumentationen<\/li>\n\n\n\n<li>Baustellenendreinigung<\/li>\n\n\n\n<li>Malerarbeiten<\/li>\n\n\n\n<li>Schachtarbeiten<\/li>\n<\/ul>\n<\/li>\n<\/ul>\n<\/div><\/div>\n\n\n\n<div class=\"wp-block-group\"><div class=\"wp-block-group__inner-container is-layout-constrained wp-block-group-is-layout-constrained\">\n<ul class=\"wp-block-list\">\n<li>Planung und Montage von Absturzsicherungen\/Netzen\n<ul class=\"wp-block-list\">\n<li>Montage von Personenauffangnetzen\/Seitenschutznetzen<\/li>\n\n\n\n<li>Planung und Montage von Sekuranten\/Anschlagpunkten<\/li>\n<\/ul>\n<\/li>\n<\/ul>\n<\/div><\/div>\n<\/div><\/div>\n\n\n\n<p>                 <\/p>\n\n\n\n<div class=\"wp-block-group\"><div class=\"wp-block-group__inner-container is-layout-constrained wp-block-group-is-layout-constrained\">\n<ul class=\"wp-block-list\">\n<li>Werbung\n<ul class=\"wp-block-list\">\n<li>Planung und Montage von Riesenpostern an Ger\u00fcst oder Fassade<\/li>\n\n\n\n<li>Folienverklebungen<\/li>\n\n\n\n<li>Montage und Reparatur von Werbeanlagen<\/li>\n<\/ul>\n<\/li>\n<\/ul>\n<\/div><\/div>\n\n\n\n<p><\/p>\n\n\n\n<ul class=\"wp-block-list\">\n<li>Rund ums Haus\n<ul class=\"wp-block-list\">\n<li>Glas- und Fassadenreinigung<\/li>\n\n\n\n<li>Montage von Taubenabwehrsystemen<\/li>\n\n\n\n<li>Graffitientfernung<\/li>\n\n\n\n<li>Dachrinnenreparatur und -reinigung<\/li>\n\n\n\n<li>Gr\u00fcnbeschnitt<\/li>\n\n\n\n<li>Beseitigung von Fassadensch\u00e4den (z.Bsp. Spechtl\u00f6cher)<\/li>\n<\/ul>\n<\/li>\n<\/ul>\n","protected":false},"excerpt":{"rendered":"<p>Als Spezialist f\u00fcr H\u00f6henzugang bietet die GTR Industrie GmbH ein umfangreiches Leistungsspektrum rund um Bau, Montage, Wartung, Reparatur und Reinigung an exponierten Arbeitsorten. Seilunterst\u00fctzte Leistungsausf\u00fchrungen verzichten in den meisten F\u00e4llen auf schwere Zugangstechnik und sind daher in der Regel kosteng\u00fcnstiger und schneller. Auf Basis Ihrer spezifischen Anforderungen entwickeln wir individuelle Konzepte f\u00fcr H\u00f6henzugang und Leistungsausf\u00fchrung. [&hellip;]<\/p>\n","protected":false},"author":2,"featured_media":0,"parent":0,"menu_order":0,"comment_status":"closed","ping_status":"closed","template":"","meta":{"footnotes":""},"class_list":["post-1402","page","type-page","status-publish","hentry"],"_links":{"self":[{"href":"https:\/\/www.gtrindustrie.de\/index.php?rest_route=\/wp\/v2\/pages\/1402","targetHints":{"allow":["GET"]}}],"collection":[{"href":"https:\/\/www.gtrindustrie.de\/index.php?rest_route=\/wp\/v2\/pages"}],"about":[{"href":"https:\/\/www.gtrindustrie.de\/index.php?rest_route=\/wp\/v2\/types\/page"}],"author":[{"embeddable":true,"href":"https:\/\/www.gtrindustrie.de\/index.php?rest_route=\/wp\/v2\/users\/2"}],"replies":[{"embeddable":true,"href":"https:\/\/www.gtrindustrie.de\/index.php?rest_route=%2Fwp%2Fv2%2Fcomments&post=1402"}],"version-history":[{"count":14,"href":"https:\/\/www.gtrindustrie.de\/index.php?rest_route=\/wp\/v2\/pages\/1402\/revisions"}],"predecessor-version":[{"id":1560,"href":"https:\/\/www.gtrindustrie.de\/index.php?rest_route=\/wp\/v2\/pages\/1402\/revisions\/1560"}],"wp:attachment":[{"href":"https:\/\/www.gtrindustrie.de\/index.php?rest_route=%2Fwp%2Fv2%2Fmedia&parent=1402"}],"curies":[{"name":"wp","href":"https:\/\/api.w.org\/{rel}","templated":true}]}}